{"id":2606,"date":"2025-08-08T21:20:20","date_gmt":"2025-08-08T19:20:20","guid":{"rendered":"https:\/\/crossfit-lalouviere.com\/?page_id=2606"},"modified":"2025-08-08T21:44:15","modified_gmt":"2025-08-08T19:44:15","slug":"elementor-2606","status":"publish","type":"page","link":"https:\/\/crossfit-lalouviere.com\/index.php\/elementor-2606\/","title":{"rendered":"Competition"},"content":{"rendered":"\t\t<div data-elementor-type=\"wp-page\" data-elementor-id=\"2606\" class=\"elementor elementor-2606\">\n\t\t\t\t<div class=\"elementor-element elementor-element-4420f64 e-flex e-con-boxed e-con e-parent\" data-id=\"4420f64\" data-element_type=\"container\">\n\t\t\t\t\t<div class=\"e-con-inner\">\n\t\t<div class=\"elementor-element elementor-element-94ca147 e-flex e-con-boxed e-con e-child\" data-id=\"94ca147\" data-element_type=\"container\" data-settings=\"{&quot;background_background&quot;:&quot;classic&quot;}\">\n\t\t\t\t\t<div class=\"e-con-inner\">\n\t\t\t\t<div class=\"elementor-element elementor-element-4dd2a26 elementor-widget elementor-widget-heading\" data-id=\"4dd2a26\" data-element_type=\"widget\" data-widget_type=\"heading.default\">\n\t\t\t\t<div class=\"elementor-widget-container\">\n\t\t\t<style>\/*! elementor - v3.21.0 - 25-04-2024 *\/\n.elementor-heading-title{padding:0;margin:0;line-height:1}.elementor-widget-heading .elementor-heading-title[class*=elementor-size-]>a{color:inherit;font-size:inherit;line-height:inherit}.elementor-widget-heading .elementor-heading-title.elementor-size-small{font-size:15px}.elementor-widget-heading .elementor-heading-title.elementor-size-medium{font-size:19px}.elementor-widget-heading .elementor-heading-title.elementor-size-large{font-size:29px}.elementor-widget-heading .elementor-heading-title.elementor-size-xl{font-size:39px}.elementor-widget-heading .elementor-heading-title.elementor-size-xxl{font-size:59px}<\/style><h2 class=\"elementor-heading-title elementor-size-default\"><p style=\"text-align: center;\">&nbsp;<\/p>\n<h2 style=\"text-align: center;\"><span style=\"color:#19c6e1; 'avant garde'; font-size: 24pt;\"><strong>La Louvi\u00e8re Throwdown<\/strong><\/span><\/h2>\n<h2 style=\"text-align: center;\"><span style=\"font-size: 18pt; color: White;\"><strong>Formulaire d'inscription a la comp\u00e9tition des 10 ans<br> <\/strong><\/span><\/h2>\n<h2 style=\"text-align: center;\"><\/h2><\/h2>\t\t<\/div>\n\t\t\t\t<\/div>\n\t\t<div class=\"elementor-element elementor-element-a2ae9aa e-flex e-con-boxed e-con e-child\" data-id=\"a2ae9aa\" data-element_type=\"container\">\n\t\t\t\t\t<div class=\"e-con-inner\">\n\t\t\t\t<div class=\"elementor-element elementor-element-830259a elementor-widget__width-inherit elementor-widget elementor-widget-html\" data-id=\"830259a\" data-element_type=\"widget\" data-widget_type=\"html.default\">\n\t\t\t\t<div class=\"elementor-widget-container\">\n\t\t\t<style>\n    .form-throwdown {\n        max-width: 500px;\n        margin: auto;\n        padding: 20px;\n        border: 2px solid #888;\n        border-radius: 10px;\n        font-family: Arial, sans-serif;\n        background-color: #111;\n        color: #fff;\n    }\n    .form-throwdown input,\n    .form-throwdown select {\n        width: 100%;\n        padding: 8px;\n        margin-top: 5px;\n        margin-bottom: 10px;\n        border-radius: 5px;\n        border: none;\n        background-color: #f0f0f0;\n        color: #000;\n    }\n    .form-throwdown button {\n        background-color: #ffd700;\n        color: #000;\n        font-weight: bold;\n        border: none;\n        padding: 10px;\n        border-radius: 5px;\n        cursor: pointer;\n        width: 100%;\n    }\n    .form-throwdown button:disabled {\n        background-color: #555;\n        cursor: not-allowed;\n    }\n    .form-throwdown label {\n        display: flex;\n        align-items: center;\n        gap: 8px;\n        margin-bottom: 5px;\n    }\n    .error {\n        color: #ff5555;\n        font-size: 0.9em;\n    }\n    fieldset {\n        margin-bottom: 15px;\n        padding: 10px;\n        border: 1px solid #aaa;\n        border-radius: 5px;\n    }\n    legend {\n        font-weight: bold;\n        color: #fff;\n    }\n    .category-box {\n        border: 1px solid #666;\n        padding: 10px;\n        margin-bottom: 10px;\n        border-radius: 5px;\n        background: #222;\n        color: #fff;\n    }\n    .success-message {\n        color: #00ff7f;\n        font-size: 1.3em;\n        font-weight: bold;\n        text-align: center;\n        margin-top: 15px;\n    }\n    .disabled-form {\n        opacity: 0.5;\n        pointer-events: none;\n    }\n<\/style>\n\n<form class=\"form-throwdown\" id=\"throwdownForm\" method=\"post\" action=\"\">\n    <label>Nom :<\/label>\n    <input type=\"text\" name=\"nom\" required>\n\n    <label>Pr\u00e9nom :<\/label>\n    <input type=\"text\" name=\"prenom\" required>\n\n    <label>Email :<\/label>\n    <input type=\"email\" name=\"email\" required>\n\n    <fieldset>\n        <legend>R\u00f4le<\/legend>\n        <label><input type=\"radio\" name=\"role\" value=\"Athlete\" required> Athl\u00e8te<\/label>\n        <label><input type=\"radio\" name=\"role\" value=\"Juge\"> Juge<\/label>\n    <\/fieldset>\n\n    <div id=\"categories\" style=\"display:none;\">\n        <fieldset>\n            <legend>Cat\u00e9gorie<\/legend>\n            <div class=\"category-box\">\n                <label><input type=\"radio\" name=\"categorie\" value=\"Fitness\"> Fitness<\/label>\n                <p>Standards : Mouvements basiques, charges l\u00e9g\u00e8res.<\/p>\n            <\/div>\n            <div class=\"category-box\">\n                <label><input type=\"radio\" name=\"categorie\" value=\"Inter\"> Inter<\/label>\n                <p>Standards : Mouvements interm\u00e9diaires, charges mod\u00e9r\u00e9es.<\/p>\n            <\/div>\n            <div class=\"category-box\">\n                <label><input type=\"radio\" name=\"categorie\" value=\"RX\/Inter+\"> RX \/ Inter+<\/label>\n                <p>Standards : Mouvements avanc\u00e9s, charges lourdes.<\/p>\n            <\/div>\n        <\/fieldset>\n    <\/div>\n\n    <div id=\"confirmation\" style=\"display:none;\">\n        <label>\n            <input type=\"checkbox\" name=\"confirmation\" value=\"oui\">\n            Je m'inscris \u00e0 la comp\u00e9tition du 25 au 26 octobre de 8h \u00e0 18h et m'engage \u00e0 payer 50\u20ac en cash au bar.\n        <\/label>\n    <\/div>\n\n    <label>Taille T-shirt :<\/label>\n    <select name=\"taille\" required>\n        <option value=\"\">-- Choisir --<\/option>\n        <option value=\"S\">S<\/option>\n        <option value=\"M\">M<\/option>\n        <option value=\"L\">L<\/option>\n        <option value=\"XL\">XL<\/option>\n    <\/select>\n\n    <button type=\"submit\" name=\"envoyer\">Envoyer<\/button>\n<\/form>\n\n<div id=\"successMessage\" class=\"success-message\" style=\"display:none;\">\n    \u2705 Inscription bien prise en compte.  \n    Une confirmation vous a \u00e9t\u00e9 envoy\u00e9e par email.\n<\/div>\n\n<script>\n    document.querySelectorAll('input[name=\"role\"]').forEach(el => {\n        el.addEventListener('change', function() {\n            if (this.value === \"Athlete\") {\n                document.getElementById('categories').style.display = \"block\";\n                document.getElementById('confirmation').style.display = \"block\";\n            } else {\n                document.getElementById('categories').style.display = \"none\";\n                document.getElementById('confirmation').style.display = \"none\";\n            }\n        });\n    });\n<\/script>\t\t<\/div>\n\t\t\t\t<\/div>\n\t\t\t\t\t<\/div>\n\t\t\t\t<\/div>\n\t\t\t\t\t<\/div>\n\t\t\t\t<\/div>\n\t\t\t\t\t<\/div>\n\t\t\t\t<\/div>\n\t\t\t\t<\/div>\n\t\t","protected":false},"excerpt":{"rendered":"<p>&nbsp; La Louvi\u00e8re Throwdown Formulaire d&rsquo;inscription a la comp\u00e9tition des 10 ans Nom : Pr\u00e9nom : Email : R\u00f4le Athl\u00e8te Juge Cat\u00e9gorie Fitness Standards : Mouvements basiques, charges l\u00e9g\u00e8res. Inter Standards : Mouvements interm\u00e9diaires, charges mod\u00e9r\u00e9es. RX \/ Inter+ Standards : Mouvements avanc\u00e9s, charges lourdes. Je m&rsquo;inscris \u00e0 la comp\u00e9tition du 25 au 26 octobre [&hellip;]<\/p>\n","protected":false},"author":1,"featured_media":0,"parent":0,"menu_order":0,"comment_status":"closed","ping_status":"closed","template":"","meta":{"ocean_post_layout":"","ocean_both_sidebars_style":"","ocean_both_sidebars_content_width":0,"ocean_both_sidebars_sidebars_width":0,"ocean_sidebar":"","ocean_second_sidebar":"","ocean_disable_margins":"enable","ocean_add_body_class":"","ocean_shortcode_before_top_bar":"","ocean_shortcode_after_top_bar":"","ocean_shortcode_before_header":"","ocean_shortcode_after_header":"","ocean_has_shortcode":"","ocean_shortcode_after_title":"","ocean_shortcode_before_footer_widgets":"","ocean_shortcode_after_footer_widgets":"","ocean_shortcode_before_footer_bottom":"","ocean_shortcode_after_footer_bottom":"","ocean_display_top_bar":"default","ocean_display_header":"default","ocean_header_style":"","ocean_center_header_left_menu":"","ocean_custom_header_template":"","ocean_custom_logo":0,"ocean_custom_retina_logo":0,"ocean_custom_logo_max_width":0,"ocean_custom_logo_tablet_max_width":0,"ocean_custom_logo_mobile_max_width":0,"ocean_custom_logo_max_height":0,"ocean_custom_logo_tablet_max_height":0,"ocean_custom_logo_mobile_max_height":0,"ocean_header_custom_menu":"","ocean_menu_typo_font_family":"","ocean_menu_typo_font_subset":"","ocean_menu_typo_font_size":0,"ocean_menu_typo_font_size_tablet":0,"ocean_menu_typo_font_size_mobile":0,"ocean_menu_typo_font_size_unit":"px","ocean_menu_typo_font_weight":"","ocean_menu_typo_font_weight_tablet":"","ocean_menu_typo_font_weight_mobile":"","ocean_menu_typo_transform":"","ocean_menu_typo_transform_tablet":"","ocean_menu_typo_transform_mobile":"","ocean_menu_typo_line_height":0,"ocean_menu_typo_line_height_tablet":0,"ocean_menu_typo_line_height_mobile":0,"ocean_menu_typo_line_height_unit":"","ocean_menu_typo_spacing":0,"ocean_menu_typo_spacing_tablet":0,"ocean_menu_typo_spacing_mobile":0,"ocean_menu_typo_spacing_unit":"","ocean_menu_link_color":"","ocean_menu_link_color_hover":"","ocean_menu_link_color_active":"","ocean_menu_link_background":"","ocean_menu_link_hover_background":"","ocean_menu_link_active_background":"","ocean_menu_social_links_bg":"","ocean_menu_social_hover_links_bg":"","ocean_menu_social_links_color":"","ocean_menu_social_hover_links_color":"","ocean_disable_title":"default","ocean_disable_heading":"default","ocean_post_title":"","ocean_post_subheading":"","ocean_post_title_style":"","ocean_post_title_background_color":"","ocean_post_title_background":0,"ocean_post_title_bg_image_position":"","ocean_post_title_bg_image_attachment":"","ocean_post_title_bg_image_repeat":"","ocean_post_title_bg_image_size":"","ocean_post_title_height":0,"ocean_post_title_bg_overlay":0.5,"ocean_post_title_bg_overlay_color":"","ocean_disable_breadcrumbs":"default","ocean_breadcrumbs_color":"","ocean_breadcrumbs_separator_color":"","ocean_breadcrumbs_links_color":"","ocean_breadcrumbs_links_hover_color":"","ocean_display_footer_widgets":"default","ocean_display_footer_bottom":"default","ocean_custom_footer_template":"","ofc_enable_fullscreen":"disable","ofc_fullscreen_speed":0,"ofc_fullscreen_nav":"enable","ofc_fullscreen_nav_pos":"right","ofc_fullscreen_nav_color":"","ofc_fullscreen_nav_tooltip_color":"","ofc_fullscreen_responsive":0,"footnotes":""},"class_list":["post-2606","page","type-page","status-publish","hentry","entry"],"_links":{"self":[{"href":"https:\/\/crossfit-lalouviere.com\/index.php\/wp-json\/wp\/v2\/pages\/2606","targetHints":{"allow":["GET"]}}],"collection":[{"href":"https:\/\/crossfit-lalouviere.com\/index.php\/wp-json\/wp\/v2\/pages"}],"about":[{"href":"https:\/\/crossfit-lalouviere.com\/index.php\/wp-json\/wp\/v2\/types\/page"}],"author":[{"embeddable":true,"href":"https:\/\/crossfit-lalouviere.com\/index.php\/wp-json\/wp\/v2\/users\/1"}],"replies":[{"embeddable":true,"href":"https:\/\/crossfit-lalouviere.com\/index.php\/wp-json\/wp\/v2\/comments?post=2606"}],"version-history":[{"count":17,"href":"https:\/\/crossfit-lalouviere.com\/index.php\/wp-json\/wp\/v2\/pages\/2606\/revisions"}],"predecessor-version":[{"id":2626,"href":"https:\/\/crossfit-lalouviere.com\/index.php\/wp-json\/wp\/v2\/pages\/2606\/revisions\/2626"}],"wp:attachment":[{"href":"https:\/\/crossfit-lalouviere.com\/index.php\/wp-json\/wp\/v2\/media?parent=2606"}],"curies":[{"name":"wp","href":"https:\/\/api.w.org\/{rel}","templated":true}]}}